{"id":663,"date":"2020-06-04T21:12:20","date_gmt":"2020-06-04T21:12:20","guid":{"rendered":"https:\/\/u-consults.com\/terms-and-conditions\/"},"modified":"2025-09-18T03:13:18","modified_gmt":"2025-09-18T03:13:18","slug":"terms-and-conditions","status":"publish","type":"page","link":"https:\/\/u-consults.com\/es\/terms-and-conditions\/","title":{"rendered":"T\u00e9rminos y Condiciones Afiliados"},"content":{"rendered":"<div data-elementor-type=\"wp-page\" data-elementor-id=\"663\" class=\"elementor elementor-663\">\n\t\t\t\t\t\t<section class=\"elementor-section elementor-top-section elementor-element elementor-element-4284bbdf elementor-section-full_width elementor-section-stretched elementor-section-height-default elementor-section-height-default\" data-id=\"4284bbdf\" data-element_type=\"section\" data-e-type=\"section\" data-settings=\"{&quot;stretch_section&quot;:&quot;section-stretched&quot;}\">\n\t\t\t\t\t\t<div class=\"elementor-container elementor-column-gap-default\">\n\t\t\t\t\t<div class=\"elementor-column elementor-col-100 elementor-top-column elementor-element elementor-element-32185553\" data-id=\"32185553\" data-element_type=\"column\" data-e-type=\"column\">\n\t\t\t<div class=\"elementor-widget-wrap elementor-element-populated\">\n\t\t\t\t\t\t<div class=\"elementor-element elementor-element-981dabc elementor-widget elementor-widget-text-editor\" data-id=\"981dabc\" data-element_type=\"widget\" data-e-type=\"widget\" data-widget_type=\"text-editor.default\">\n\t\t\t\t<div class=\"elementor-widget-container\">\n\t\t\t\t\t\t\t\t\t<h1>T\u00e9rminos de servicio del programa de afiliados de U-Consults<\/h1>\n<h2>Acuerdo<\/h2>\n<p>Al registrarse para ser un Afiliado en el Programa de Afiliados de U-Consults (\"Programa\"), usted acepta estar sujeto a los siguientes t\u00e9rminos y condiciones (\"T\u00e9rminos de Servicio\").<\/p>\n<p><strong>U-Consults<\/strong> se reserva el derecho de actualizar y cambiar los T\u00e9rminos de servicio de vez en cuando sin previo aviso. Cualquier funci\u00f3n nueva que aumente o mejore el Programa actual, incluida la publicaci\u00f3n de nuevas herramientas y recursos, estar\u00e1 sujeta a los T\u00e9rminos de servicio. El uso continuo del Programa despu\u00e9s de dichos cambios constituir\u00e1 su consentimiento para dichos cambios.<\/p>\n<p>La violaci\u00f3n de cualquiera de los t\u00e9rminos a continuaci\u00f3n resultar\u00e1 en la terminaci\u00f3n de su Cuenta y en la p\u00e9rdida de cualquier pago pendiente de comisi\u00f3n de afiliado obtenido durante la violaci\u00f3n. Usted acepta utilizar el Programa de afiliados bajo su propio riesgo.<\/p>\n<h2>T\u00e9rminos de cuenta<\/h2>\n<ul>\n<li>Debe tener 18 a\u00f1os o m\u00e1s para ser parte de este programa.<\/li>\n<li>Debes ser un humano. No se permiten cuentas registradas por \"bots\" u otros m\u00e9todos automatizados.<\/li>\n<li>Debe proporcionar su nombre legal completo, una direcci\u00f3n de correo electr\u00f3nico v\u00e1lida y cualquier otra informaci\u00f3n solicitada para completar el proceso de registro.<\/li>\n<li>Su inicio de sesi\u00f3n solo puede ser utilizado por una persona; no se permite un inicio de sesi\u00f3n \u00fanico compartido por varias personas.<\/li>\n<li>Usted es responsable de mantener la seguridad de su cuenta y contrase\u00f1a. <strong>U-Consults<\/strong> no puede y no ser\u00e1 responsable de ninguna p\u00e9rdida o da\u00f1o por el incumplimiento de esta obligaci\u00f3n de seguridad.<\/li>\n<li>Usted es responsable de todo el Contenido publicado y la actividad que ocurra en su cuenta.<\/li>\n<li>Una persona o entidad legal no puede mantener m\u00e1s de una cuenta.<\/li>\n<li>No puede utilizar el Programa de afiliados para ning\u00fan prop\u00f3sito ilegal o no autorizado. No debe, en el uso del Servicio, violar ninguna ley en su jurisdicci\u00f3n (incluidas, entre otras, las leyes de derechos de autor).<\/li>\n<li>No puede usar el Programa de afiliados para ganar dinero por su cuenta <strong>U-Consults<\/strong> cuentas de productos.<\/li>\n<\/ul>\n<h2>Enlaces \/ gr\u00e1ficos en su sitio, en sus correos electr\u00f3nicos u otras comunicaciones<\/h2>\n<p>Una vez que se haya registrado en el Programa de Afiliados, se le asignar\u00e1 un C\u00f3digo de Afiliado \u00fanico. Se le permite colocar enlaces, banners u otros gr\u00e1ficos que proporcionar\u00e1n el c\u00f3digo de afiliado en su sitio, en sus correos electr\u00f3nicos, o en otras comunicaciones. Nosotros le proporcionaremos con las directrices, los estilos de enlace, y obras de arte gr\u00e1fica para su uso en la vinculaci\u00f3n de <strong>U-Consults<\/strong>. Podemos cambiar el dise\u00f1o de la obra de arte en cualquier momento sin previo aviso, pero no cambiaremos las dimensiones de las im\u00e1genes sin el aviso correspondiente.<\/p>\n<p>Para permitir el seguimiento preciso, la presentaci\u00f3n de informes y la acumulaci\u00f3n de tarifas de referencia, le proporcionaremos formatos de enlace especiales para que se utilicen en todos los enlaces entre su sitio y <strong>U-Consults<\/strong>. Debe asegurarse de que cada uno de los enlaces entre su sitio y <strong>U-Consults<\/strong> utiliza adecuadamente dichos formatos de enlaces especiales. Enlaces <strong>U-Consults<\/strong> colocado en su sitio de conformidad con este Acuerdo y que utiliza adecuadamente dichos formatos de enlaces especiales se denominan \"Enlaces especiales\". Ganar\u00e1 tarifas de referencia solo con respecto a las ventas en <strong>U-Consults<\/strong> producto que se produce directamente a trav\u00e9s de enlaces especiales; no seremos responsables ante usted con respecto a cualquier falla que usted o alguien a quien usted refiera use Enlaces especiales o escriba incorrectamente su C\u00f3digo de afiliado, incluso en la medida en que dicha falla pueda resultar en una reducci\u00f3n de los montos que de otra manera se le pagar\u00edan de conformidad con este Acuerdo.<\/p>\n<p>Los enlaces de afiliados deben apuntar a la p\u00e1gina del producto que se promociona.<\/p>\n<h2>Comisiones de referencia \/ comisiones y pago<\/h2>\n<p>Para que la venta de un producto sea elegible para ganar una tarifa de referencia, el cliente debe hacer clic en un enlace especial desde su sitio, correo electr\u00f3nico u otras comunicaciones para <strong>https:\/\/u-consults.com<\/strong> y completar un pedido de un producto durante esa sesi\u00f3n.<\/p>\n<p>Solo pagaremos comisiones por enlaces que nuestros sistemas rastrean e informan autom\u00e1ticamente. No pagaremos comisiones si alguien dice que compr\u00f3 o alguien dice que ingres\u00f3 un c\u00f3digo de referencia si no fue rastreado por nuestro sistema. Solo podemos pagar comisiones sobre negocios generados a trav\u00e9s de enlaces especiales formateados correctamente que nuestros sistemas rastrearon autom\u00e1ticamente.<\/p>\n<p>Nos reservamos el derecho de descalificar las comisiones obtenidas a trav\u00e9s de m\u00e9todos de ventas o marketing fraudulentos, ilegales o demasiado agresivos y cuestionables.<\/p>\n<p>Los pagos solo comienzan una vez que haya ganado m\u00e1s de <strong>$20<\/strong> en ingresos de afiliados. Si su cuenta de afiliado nunca cruza el <strong>$20<\/strong> umbral, sus comisiones no se realizar\u00e1n ni pagar\u00e1n. Solo somos responsables de pagar las cuentas que han cruzado el <strong>$20<\/strong> umbral<\/p>\n<h2>Identificarse como afiliado de U-Consults<\/h2>\n<p>No puede emitir ning\u00fan comunicado de prensa con respecto a este Acuerdo o su participaci\u00f3n en el Programa; dicha acci\u00f3n puede resultar en su terminaci\u00f3n del Programa. Adem\u00e1s, no puede de ninguna manera tergiversar o embellecer la relaci\u00f3n entre nosotros y usted, decir que desarrolla nuestros productos, decir que es parte de <strong>U-Consults<\/strong> o expresar o implicar cualquier relaci\u00f3n o afiliaci\u00f3n entre nosotros y usted o cualquier otra persona o entidad, excepto seg\u00fan lo expresamente permitido por este Acuerdo (incluso expresando o implicando que apoyamos, patrocinamos, respaldamos o contribuimos dinero a cualquier organizaci\u00f3n ben\u00e9fica u otra causa).<\/p>\n<p>No puede comprar productos a trav\u00e9s de sus enlaces de afiliados para su propio uso. Dichas compras pueden resultar (a nuestro exclusivo criterio) en la retenci\u00f3n de las tarifas de referencia y \/ o la terminaci\u00f3n de este Acuerdo.<\/p>\n<h2>Calendario de pago<\/h2>\n<p>Mientras su ganancia de afiliados actuales son m\u00e1s de <strong>$20<\/strong>, se te pagar\u00e1 cada mes. Si no has ganado <strong>$20<\/strong> desde su \u00faltimo pago, le pagaremos el mes siguiente despu\u00e9s de que haya cruzado el umbral.<\/p>\n<h2>Definici\u00f3n del cliente<\/h2>\n<p>Los clientes que compren productos a trav\u00e9s de este Programa se considerar\u00e1n nuestros clientes. En consecuencia, todas nuestras reglas, pol\u00edticas y procedimientos operativos relacionados con pedidos de clientes, servicio al cliente y ventas de productos se aplicar\u00e1n a esos clientes. Podemos cambiar nuestras pol\u00edticas y procedimientos operativos en cualquier momento. Por ejemplo, determinaremos los precios que se cobrar\u00e1n por los productos vendidos bajo este Programa de acuerdo con nuestras propias pol\u00edticas de precios. Los precios y la disponibilidad de los productos pueden variar de vez en cuando. Debido a que los cambios de precio pueden afectar los Productos que ha incluido en su sitio, no debe mostrar los precios de los productos en su sitio. Haremos todos los esfuerzos comercialmente razonables para presentar informaci\u00f3n precisa, pero no podemos garantizar la disponibilidad o el precio de ning\u00fan producto en particular.<\/p>\n<h2>Sus responsabilidades<\/h2>\n<p>Usted ser\u00e1 el \u00fanico responsable del desarrollo, operaci\u00f3n y mantenimiento de su sitio y de todos los materiales que aparecen en su sitio. Por ejemplo, usted ser\u00e1 el \u00fanico responsable de:<\/p>\n<p>- La operaci\u00f3n t\u00e9cnica de su sitio y todos los equipos relacionados.<br \/>- Asegurarse de que se muestren enlaces especiales en su sitio no viola ning\u00fan acuerdo entre usted y un tercero (incluidas, entre otras, las restricciones o requisitos impuestos por un tercero que aloja su sitio)<br \/>- La precisi\u00f3n, la verdad y la idoneidad de los materiales publicados en su sitio (incluidos, entre otros, todos los materiales relacionados con el Producto y cualquier informaci\u00f3n que incluya o asocie con Enlaces especiales)<br \/>- Asegurarse de que los materiales publicados en su sitio no violen ni infrinjan los derechos de terceros (incluidos, por ejemplo, derechos de autor, marcas registradas, privacidad u otros derechos personales o de propiedad)<br \/>- Asegurarse de que los materiales publicados en su sitio no sean difamatorios o ilegales<br \/>- Asegurar que su sitio divulgue de manera precisa y adecuada, ya sea a trav\u00e9s de una pol\u00edtica de privacidad o de otra manera, c\u00f3mo recopila, utiliza, almacena y divulga los datos recopilados de los visitantes, incluido, cuando corresponda, que terceros (incluidos los anunciantes) pueden servir contenido y \/ o anuncios y recopilar informaci\u00f3n directamente de los visitantes y puede colocar o reconocer cookies en los navegadores de los visitantes.<\/p>\n<h2>Cumplimiento de leyes<\/h2>\n<p>Como condici\u00f3n para su participaci\u00f3n en el Programa, usted acepta que, mientras sea un participante del Programa, cumplir\u00e1 con todas las leyes, ordenanzas, normas, reglamentos, \u00f3rdenes, licencias, permisos, sentencias, decisiones u otros requisitos de cualquier autoridad gubernamental que tenga jurisdicci\u00f3n sobre usted, ya sea que esas leyes, etc. est\u00e9n vigentes o que entren en vigencia m\u00e1s adelante durante el tiempo que sea participante del Programa. Sin limitar la obligaci\u00f3n anterior, usted acepta que, como condici\u00f3n de su participaci\u00f3n en el Programa, cumplir\u00e1 con todas las leyes aplicables (federales, estatales o de otro tipo) que rigen el correo electr\u00f3nico de marketing, incluidas, entre otras, la Ley CAN-SPAM de 2003 y todas Otras leyes antispam.<\/p>\n<h2>Vigencia del Acuerdo y Programa<\/h2>\n<p>El t\u00e9rmino de este Acuerdo comenzar\u00e1 con la aceptaci\u00f3n de su solicitud del Programa y finalizar\u00e1 cuando sea terminado por cualquiera de las partes. Tanto usted como nosotros podemos rescindir este Acuerdo en cualquier momento, con o sin causa, mediante notificaci\u00f3n por escrito a la otra parte. Tras la terminaci\u00f3n de este Acuerdo por cualquier motivo, cesar\u00e1 inmediatamente el uso y eliminar\u00e1 de su sitio todos los enlaces a <strong>https:\/\/u-consults.com<\/strong>, y todas nuestras marcas comerciales, imagen comercial y logotipos, y todos los dem\u00e1s materiales proporcionados por nosotros o en nombre de nosotros de conformidad con el presente o en relaci\u00f3n con el Programa. <strong>U-Consults<\/strong> se reserva el derecho de finalizar el Programa en cualquier momento. Al finalizar el programa, <strong>U-Consults<\/strong> pagar\u00e1 las ganancias pendientes acumulados por encima de <strong>$20<\/strong>.<\/p>\n<h2>Terminaci\u00f3n<\/h2>\n<p><strong>U-Consults<\/strong>, a su exclusivo criterio, tiene derecho a suspender o cancelar su cuenta y rechazar cualquier uso actual o futuro del Programa, o cualquier otro <strong>U-Consults<\/strong> servicio, por cualquier motivo en cualquier momento. Dicha terminaci\u00f3n del Servicio dar\u00e1 como resultado la desactivaci\u00f3n o eliminaci\u00f3n de su Cuenta o su acceso a su Cuenta, y la p\u00e9rdida y renuncia de todas las comisiones potenciales o a pagar en su Cuenta si se obtuvieron de manera fraudulenta, ilegal o m\u00e9todos de ventas o marketing excesivamente agresivos y cuestionables. <strong>U-Consults<\/strong> se reserva el derecho de rechazar el servicio a cualquier persona por cualquier motivo en cualquier momento.<\/p>\n<h2>Relaci\u00f3n entre las partes<\/h2>\n<p>Usted y nosotros somos contratistas independientes, y nada en este Acuerdo crear\u00e1 ninguna asociaci\u00f3n, empresa conjunta, agencia, franquicia, representante de ventas o relaci\u00f3n laboral entre las partes. No tendr\u00e1 autoridad para hacer o aceptar ofertas o representaciones en nuestro nombre. No har\u00e1 ninguna declaraci\u00f3n, ya sea en su sitio o de otra manera, que pueda contradecir razonablemente algo en esta Secci\u00f3n.<\/p>\n<h2>Limitaciones de responsabilidad<\/h2>\n<p>No seremos responsables por da\u00f1os indirectos, especiales o consecuentes (o cualquier p\u00e9rdida de ingresos, ganancias o datos) que surjan en relaci\u00f3n con este Acuerdo o el Programa, incluso si se nos ha informado de la posibilidad de dichos da\u00f1os. Adem\u00e1s, nuestra responsabilidad agregada que surja con respecto a este Acuerdo y al Programa no exceder\u00e1 los honorarios de referencia totales pagados o pagaderos a usted en virtud de este Acuerdo.<\/p>\n<h2>Renuncias<\/h2>\n<p>No ofrecemos garant\u00edas o representaciones expl\u00edcitas o impl\u00edcitas con respecto al Programa o cualquier producto vendido a trav\u00e9s del Programa (incluidas, entre otras, garant\u00edas de idoneidad, comerciabilidad, no infracci\u00f3n o cualquier garant\u00eda impl\u00edcita que surja de un curso de desempe\u00f1o, negociaci\u00f3n o uso comercial). Adem\u00e1s, no hacemos ninguna representaci\u00f3n de que el funcionamiento de <strong>U-Consults<\/strong> ser\u00e1 ininterrumpido o sin errores, y no seremos responsables de las consecuencias de interrupciones o errores.<\/p>\n<h2>Investigaci\u00f3n independiente<\/h2>\n<p>USTED RECONOCE QUE HA LE\u00cdDO ESTE ACUERDO Y ACEPTA TODOS SUS T\u00c9RMINOS Y CONDICIONES. USTED ENTIENDE QUE PODEMOS EN CUALQUIER MOMENTO (DIRECTA O INDIRECTAMENTE) SOLICITAR REFERENCIAS DE CLIENTES A LOS T\u00c9RMINOS QUE PUEDEN DIFERIR DE LOS CONTENIDOS EN ESTE ACUERDO O OPERAR SITIOS WEB SIMILARES O COMPETIR CON SU SITIO WEB. USTED HA EVALUADO INDEPENDIENTEMENTE LA DESEABILIDAD DE PARTICIPAR EN EL PROGRAMA Y NO EST\u00c1 CONFIRMANDO EN NINGUNA REPRESENTACI\u00d3N, GARANT\u00cdA O DECLARACI\u00d3N QUE NO SEA LO ESTABLECIDO EN ESTE ACUERDO.<\/p>\n<h2>Arbitraje<\/h2>\n<p>Cualquier disputa relacionada de alguna manera con este Acuerdo (incluyendo cualquier incumplimiento real o presunto del mismo), cualquier transacci\u00f3n o actividad bajo este Acuerdo o su relaci\u00f3n con nosotros o cualquiera de nuestros afiliados se someter\u00e1 a arbitraje confidencial, excepto que, en la medida en que si de alguna manera ha violado o amenazado con violar nuestros derechos de propiedad intelectual, podemos solicitar medidas cautelares u otras medidas apropiadas en cualquier tribunal estatal o federal (y usted da su consentimiento a la jurisdicci\u00f3n y jurisdicci\u00f3n no exclusiva en dichos tribunales) o en cualquier otro tribunal de jurisdicci\u00f3n competente . El arbitraje bajo este acuerdo se llevar\u00e1 a cabo bajo las reglas vigentes de la Asociaci\u00f3n Americana de Arbitraje. El laudo del \u00e1rbitro ser\u00e1 vinculante y podr\u00e1 presentarse como sentencia en cualquier tribunal de jurisdicci\u00f3n competente. En la mayor medida permitida por la ley aplicable, ning\u00fan arbitraje bajo este Acuerdo se unir\u00e1 a un arbitraje que involucre a cualquier otra parte sujeta a este Acuerdo, ya sea a trav\u00e9s de procedimientos de arbitraje colectivo o de otra manera.<\/p>\n<h2>Diverso<\/h2>\n<p>Este Acuerdo se regir\u00e1 por las leyes de los Estados Unidos, sin referencia a las reglas que rigen la elecci\u00f3n de las leyes. No puede asignar este Acuerdo, por ley o de otro modo, sin nuestro consentimiento previo por escrito. Sujeto a esa restricci\u00f3n, este Acuerdo ser\u00e1 vinculante, redundar\u00e1 en beneficio de, y ser\u00e1 ejecutable contra las partes y sus respectivos sucesores y cesionarios. Nuestra incapacidad de hacer cumplir su estricto cumplimiento de cualquier disposici\u00f3n de este Acuerdo no constituir\u00e1 una renuncia a nuestro derecho de hacer cumplir posteriormente dicha disposici\u00f3n o cualquier otra disposici\u00f3n de este Acuerdo.<\/p>\n<p>El fracaso de <strong>U-Consults<\/strong> ejercer o hacer cumplir cualquier derecho o disposici\u00f3n de los T\u00e9rminos de servicio no constituir\u00e1 una renuncia a dicho derecho o disposici\u00f3n. Los T\u00e9rminos de servicio constituyen el acuerdo completo entre usted y <strong>U-Consults<\/strong> y regir\u00e1 su uso del Servicio, reemplazando cualquier acuerdo previo entre usted y <strong>U-Consults<\/strong> (incluidas, entre otras, las versiones anteriores de los T\u00e9rminos de servicio).<\/p>\n\n\n<p><\/p>\n\t\t\t\t\t\t\t\t<\/div>\n\t\t\t\t<\/div>\n\t\t\t\t\t<\/div>\n\t\t<\/div>\n\t\t\t\t\t<\/div>\n\t\t<\/section>\n\t\t\t\t<\/div>","protected":false},"excerpt":{"rendered":"<p>U-Consults Affiliate Program Terms of Service Agreement By signing up to be an Affiliate in the U-Consults Affiliate Program (&#8220;Program&#8221;) you are agreeing to be bound by the following terms and conditions (&#8220;Terms of Service&#8221;). U-Consults reserves the right to update and change the Terms of Service from time to time without notice. Any new &hellip; <\/p>","protected":false},"author":1,"featured_media":0,"parent":0,"menu_order":0,"comment_status":"closed","ping_status":"closed","template":"","meta":{"_eb_attr":"","footnotes":""},"class_list":["post-663","page","type-page","status-publish","hentry"],"_hostinger_reach_plugin_has_subscription_block":false,"_hostinger_reach_plugin_is_elementor":false,"jetpack_sharing_enabled":true,"post_mailing_queue_ids":[],"_links":{"self":[{"href":"https:\/\/u-consults.com\/es\/wp-json\/wp\/v2\/pages\/663","targetHints":{"allow":["GET"]}}],"collection":[{"href":"https:\/\/u-consults.com\/es\/wp-json\/wp\/v2\/pages"}],"about":[{"href":"https:\/\/u-consults.com\/es\/wp-json\/wp\/v2\/types\/page"}],"author":[{"embeddable":true,"href":"https:\/\/u-consults.com\/es\/wp-json\/wp\/v2\/users\/1"}],"replies":[{"embeddable":true,"href":"https:\/\/u-consults.com\/es\/wp-json\/wp\/v2\/comments?post=663"}],"version-history":[{"count":11,"href":"https:\/\/u-consults.com\/es\/wp-json\/wp\/v2\/pages\/663\/revisions"}],"predecessor-version":[{"id":2639,"href":"https:\/\/u-consults.com\/es\/wp-json\/wp\/v2\/pages\/663\/revisions\/2639"}],"wp:attachment":[{"href":"https:\/\/u-consults.com\/es\/wp-json\/wp\/v2\/media?parent=663"}],"curies":[{"name":"wp","href":"https:\/\/api.w.org\/{rel}","templated":true}]}}